{"id":1476,"date":"2022-03-12T15:08:59","date_gmt":"2022-03-12T15:08:59","guid":{"rendered":"https:\/\/wp.mun.ca\/cismart\/?page_id=1476"},"modified":"2022-03-24T19:22:20","modified_gmt":"2022-03-24T19:22:20","slug":"2022-cismart-online-workshop-speakers","status":"publish","type":"page","link":"https:\/\/wp.mun.ca\/cismart\/2022-cismart-online-workshop-speakers\/","title":{"rendered":"2022 CISMaRT Online Workshop &#8211; Speakers"},"content":{"rendered":"\n<p><br><\/p>\n\n\n\n<div class=\"wp-block-image\"><figure class=\"alignleft is-resized\"><img loading=\"lazy\" decoding=\"async\" src=\"https:\/\/wp.mun.ca\/cismart\/wp-content\/uploads\/sites\/21\/2022\/03\/Jan-Hagen-Andersen-1-1-685x1024.jpg\" alt=\"\" class=\"wp-image-1576\" width=\"183\" height=\"273\" srcset=\"https:\/\/wp.mun.ca\/cismart\/wp-content\/uploads\/sites\/21\/2022\/03\/Jan-Hagen-Andersen-1-1-685x1024.jpg 685w, https:\/\/wp.mun.ca\/cismart\/wp-content\/uploads\/sites\/21\/2022\/03\/Jan-Hagen-Andersen-1-1-201x300.jpg 201w, https:\/\/wp.mun.ca\/cismart\/wp-content\/uploads\/sites\/21\/2022\/03\/Jan-Hagen-Andersen-1-1.jpg 890w\" sizes=\"auto, (max-width: 183px) 100vw, 183px\" \/><\/figure><\/div>\n\n\n\n<p> <strong>Jan Hagen Andersen, Business Development Director, DNV Maritime, Region Americas<\/strong><\/p>\n\n\n\n<p>Jan has over 30 years of experience in the maritime industry with a focus on propulsion systems and machinery.\u00a0\u00a0He has a MS in Mechanical Engineering from the University of Washington and started his career at a marine engineering company in Seattle.\u00a0<\/p>\n\n\n\n<p>In 2005, he joined DNV Maritime Technical Advisory Group based in Norway.&nbsp;&nbsp;Since 2010 he is based in Houston, Texas and is currently a Business Development Director for DNV Maritime, Region Americas.&nbsp;&nbsp;In this role, he is focusing on alternative fuels, environmental compliance, energy efficiency, and novel technologies in shipping.&nbsp;&nbsp;&nbsp;<\/p>\n\n\n\n<p>He is a member of the SNAME M-16 Panel on Propulsion Shafting and is on the North America Environmental Protection Association (NAMEPA) Board of Directors.<\/p>\n\n\n\n<p><br><\/p>\n\n\n\n<div class=\"wp-block-image\"><figure class=\"alignright is-resized\"><img loading=\"lazy\" decoding=\"async\" src=\"https:\/\/wp.mun.ca\/cismart\/wp-content\/uploads\/sites\/21\/2022\/03\/DB-headshot-2.png\" alt=\"\" class=\"wp-image-1483\" width=\"185\" height=\"206\" srcset=\"https:\/\/wp.mun.ca\/cismart\/wp-content\/uploads\/sites\/21\/2022\/03\/DB-headshot-2.png 318w, https:\/\/wp.mun.ca\/cismart\/wp-content\/uploads\/sites\/21\/2022\/03\/DB-headshot-2-269x300.png 269w\" sizes=\"auto, (max-width: 185px) 100vw, 185px\" \/><\/figure><\/div>\n\n\n\n<p><strong>David Bolduc, Executive Director, Green Marine<\/strong><\/p>\n\n\n\n<p>David is responsible for overseeing the administration, programs and strategic planning of the Green Marine organization. He leads a team of five employees based in Quebec City, Halifax and Seattle. Reporting directly to the Board of Directors, he is Green Marine\u2019s leading representative and outreach agent.&nbsp;<\/p>\n\n\n\n<p>His appointment as Green Marine\u2019s executive director in January 2010 followed his active participation in creating the environmental certification program while employed at the St. Lawrence Economic Development Council (SODES), a founding member association. He joined SODES in 2005 as the environmental and economic coordinator after two years as a researcher for the House of Commons in Ottawa. He went to work for the Canadian government after completing a Bachelor\u2019s in International Studies at York University in Toronto and a Master\u2019s in International Relations at Universit\u00e9 Laval in Quebec City.&nbsp;<\/p>\n\n\n\n<p>In 2014, David received the St. Lawrence Award from SODES to recognize his outstanding contributions as an individual to the maritime industry.<br><\/p>\n\n\n\n<p>En tant que directeur g\u00e9n\u00e9ral, David Bolduc est responsable de superviser l\u2019administration, le d\u00e9veloppement du programme ainsi que la planification strat\u00e9gique de l\u2019Alliance verte. Il dirige une \u00e9quipe de cinq employ\u00e9s \u00e9tablis \u00e0 Qu\u00e9bec, Halifax et Seattle. Relevant directement du conseil d\u2019administration, il est le principal repr\u00e9sentant de l\u2019Alliance verte pour assurer le rayonnement du programme.&nbsp;<\/p>\n\n\n\n<p>Il a \u00e9t\u00e9 nomm\u00e9 directeur g\u00e9n\u00e9ral de l\u2019Alliance verte en janvier 2010, apr\u00e8s avoir particip\u00e9 activement \u00e0 la cr\u00e9ation du programme de certification environnementale lorsqu\u2019il \u00e9tait employ\u00e9 de l\u2019une de ses associations fondatrices, la Soci\u00e9t\u00e9 de d\u00e9veloppement \u00e9conomique du Saint-Laurent (Sodes). Il s\u2019est joint \u00e0 la Sodes en 2005 en tant que coordonnateur \u00e9conomie et environnement apr\u00e8s avoir \u00e9t\u00e9 chercheur \u00e0 la Chambre des communes \u00e0 Ottawa pendant deux ans. Il a aussi travaill\u00e9 pour le gouvernement canadien apr\u00e8s avoir compl\u00e9t\u00e9 un baccalaur\u00e9at en \u00e9tudes internationales \u00e0 l\u2019Universit\u00e9 York \u00e0 Toronto et une ma\u00eetrise en relations internationales \u00e0 l\u2019Universit\u00e9 Laval, \u00e0 Qu\u00e9bec.&nbsp;<\/p>\n\n\n\n<p>En 2014, David a obtenu le Prix du Saint-Laurent de la Sodes afin de souligner sa contribution exceptionnelle \u00e0 l\u2019industrie maritime.<\/p>\n\n\n\n<p>David Bolduc was appointed as Green Marine\u2019s executive director in January 2010 following his active participation in creating the environmental certification program while employed at the St. Lawrence Economic Development Council. He leads a team of six employees based in Quebec City, Halifax and Seattle and is Green Marine\u2019s leading representative and outreach agent.&nbsp;<\/p>\n\n\n\n<div class=\"wp-block-image\"><figure class=\"alignleft is-resized\"><img loading=\"lazy\" decoding=\"async\" src=\"https:\/\/wp.mun.ca\/cismart\/wp-content\/uploads\/sites\/21\/2022\/03\/Yousef-El-Bagoury-1024x683.jpg\" alt=\"\" class=\"wp-image-1485\" width=\"228\" height=\"151\" srcset=\"https:\/\/wp.mun.ca\/cismart\/wp-content\/uploads\/sites\/21\/2022\/03\/Yousef-El-Bagoury-1024x683.jpg 1024w, https:\/\/wp.mun.ca\/cismart\/wp-content\/uploads\/sites\/21\/2022\/03\/Yousef-El-Bagoury-300x200.jpg 300w\" sizes=\"auto, (max-width: 228px) 100vw, 228px\" \/><\/figure><\/div>\n\n\n\n<p><strong>Yousef El Bagoury, Naval Architect, CSL<\/strong><\/p>\n\n\n\n<p>Yousel is a Naval Architect and registered Professional Engineer at The&nbsp;&nbsp;(CSL) Group in the Montreal, Quebec office since 2013.&nbsp;<\/p>\n\n\n\n<p>After graduating from Glasgow and Strathclyde Universities with a B.Eng (Hons) degree in Naval Architecture and Marine Engineering, Yousef embarked on career at sea as a Marine Engineer sailing on refrigerated cargo vessels and cruise ships sailing up to the position of 2<sup>nd<\/sup>&nbsp;Engineer before coming ashore.<\/p>\n\n\n\n<p>Prior to CSL, Yousef worked for The Weir Group at the Naval Engineering Test Establishment in LaSalle, Quebec where he worked in the Environmental department of the Marine Systems group where he tested equipment, performed waste audits and market surveys amongst other tasks to support the Royal Canadian Navy.<\/p>\n\n\n\n<p>Yousef started his CSL career as a Marine Systems Designer where his primary role was to seek new technologies and provide oversight to optimise CSL\u2019s fleet. In 2014, Yousef accepted a position as&nbsp;&nbsp;Superintendent for CSL, where he was responsible for managing several of the company\u2019s ships, making sure that they operated at peak efficiency and complied with all environmental regulations.&nbsp;In January 2018, Yousef headed the development of CSL\u2019s Innovation Research and Development team and took on the role of Naval Architect with a focus on improving safety and reducing CSL\u2019s environmental footprint.<\/p>\n\n\n\n<p>Yousef divides his spare time between his family, mountain biking, reading, hiking and playing bass guitar.<\/p>\n\n\n\n<p><\/p>\n\n\n\n<div class=\"wp-block-image\"><figure class=\"alignright is-resized\"><img loading=\"lazy\" decoding=\"async\" src=\"https:\/\/wp.mun.ca\/cismart\/wp-content\/uploads\/sites\/21\/2022\/03\/Tony-Vollmers-Headshot-Picture-805x1024.jpg\" alt=\"\" class=\"wp-image-1486\" width=\"161\" height=\"205\" srcset=\"https:\/\/wp.mun.ca\/cismart\/wp-content\/uploads\/sites\/21\/2022\/03\/Tony-Vollmers-Headshot-Picture-805x1024.jpg 805w, https:\/\/wp.mun.ca\/cismart\/wp-content\/uploads\/sites\/21\/2022\/03\/Tony-Vollmers-Headshot-Picture-236x300.jpg 236w, https:\/\/wp.mun.ca\/cismart\/wp-content\/uploads\/sites\/21\/2022\/03\/Tony-Vollmers-Headshot-Picture.jpg 1078w\" sizes=\"auto, (max-width: 161px) 100vw, 161px\" \/><\/figure><\/div>\n\n\n\n<p><strong>Tony Vollmers, Mechanical Systems and LNG Manager, BC Ferries<\/strong><br><\/p>\n\n\n\n<p>Tony Vollmers graduated with a Master of Science in mechanical engineering from the University of Saskatchewan and has worked in the marine industry for over 15 years. Throughout his career he has been involved in the mechanical and machinery design of many modern vessels ranging from 18m tugs to 100m Navy and Coast Guard vessels, many serving in sensitive environment areas such as the Baltic Sea, North Sea, Arctic, and Antarctic.&nbsp;Now at BC Ferries as the Mechanical Systems and LNG Manager, Tony works to ensure that the existing fleet is operating efficiently, contributing to the future vessel replacement programs, and working to minimize emissions.<\/p>\n\n\n\n<p><\/p>\n\n\n\n<div class=\"wp-block-image\"><figure class=\"alignleft is-resized\"><img loading=\"lazy\" decoding=\"async\" src=\"https:\/\/wp.mun.ca\/cismart\/wp-content\/uploads\/sites\/21\/2022\/03\/GP-Headshot1.jpg\" alt=\"\" class=\"wp-image-1488\" width=\"170\" height=\"170\" srcset=\"https:\/\/wp.mun.ca\/cismart\/wp-content\/uploads\/sites\/21\/2022\/03\/GP-Headshot1.jpg 198w, https:\/\/wp.mun.ca\/cismart\/wp-content\/uploads\/sites\/21\/2022\/03\/GP-Headshot1-150x150.jpg 150w, https:\/\/wp.mun.ca\/cismart\/wp-content\/uploads\/sites\/21\/2022\/03\/GP-Headshot1-100x100.jpg 100w\" sizes=\"auto, (max-width: 170px) 100vw, 170px\" \/><\/figure><\/div>\n\n\n\n<p><strong>Greg Peterson, Director Engineering Services, BC Ferries<\/strong><br><\/p>\n\n\n\n<p>Greg has 40 years of experience in marine industry, 15 years at sea as Engineering Officer, 1<sup>st<\/sup>&nbsp;Class Chief Engineer, shore side operations, engineering, environmental systems, regulatory affairs, energy, maintenance standards and asset management.<\/p>\n\n\n\n<p style=\"text-align:right\"><br><\/p>\n\n\n\n<div class=\"wp-block-image\"><figure class=\"alignright is-resized\"><img loading=\"lazy\" decoding=\"async\" src=\"https:\/\/wp.mun.ca\/cismart\/wp-content\/uploads\/sites\/21\/2022\/03\/akheadshot-1-1-829x1024.jpg\" alt=\"\" class=\"wp-image-1582\" width=\"169\" height=\"209\" srcset=\"https:\/\/wp.mun.ca\/cismart\/wp-content\/uploads\/sites\/21\/2022\/03\/akheadshot-1-1-829x1024.jpg 829w, https:\/\/wp.mun.ca\/cismart\/wp-content\/uploads\/sites\/21\/2022\/03\/akheadshot-1-1-243x300.jpg 243w, https:\/\/wp.mun.ca\/cismart\/wp-content\/uploads\/sites\/21\/2022\/03\/akheadshot-1-1.jpg 1410w\" sizes=\"auto, (max-width: 169px) 100vw, 169px\" \/><\/figure><\/div>\n\n\n\n<p><strong>\ufeffAndrew Kendrick, President of SNAME<\/strong><\/p>\n\n\n\n<p>Andrew is a naval architect with many decades of experience in ship design, applied research, and regulatory development. In 2021 he took up the Presidency of the Society of Naval Architects and Marine Engineers (SNAME), in which role he promotes SNAME\u2019s involvement in the key challenges facing the marine industries worldwide, through research, education and information-sharing. Andrew also continues to work as a marine consultant with Vard Marine, following his retirement from the company; and also with other clients in Canada and overseas. He is an active member of a number of other societies and boards related to the marine industry, and a regular presenter at conferences and symposia.<\/p>\n\n\n\n<div class=\"wp-block-image\"><figure class=\"alignleft is-resized\"><img loading=\"lazy\" decoding=\"async\" src=\"https:\/\/wp.mun.ca\/cismart\/wp-content\/uploads\/sites\/21\/2022\/03\/olszG_headshot.jpg\" alt=\"\" class=\"wp-image-1490\" width=\"182\" height=\"182\" srcset=\"https:\/\/wp.mun.ca\/cismart\/wp-content\/uploads\/sites\/21\/2022\/03\/olszG_headshot.jpg 300w, https:\/\/wp.mun.ca\/cismart\/wp-content\/uploads\/sites\/21\/2022\/03\/olszG_headshot-150x150.jpg 150w, https:\/\/wp.mun.ca\/cismart\/wp-content\/uploads\/sites\/21\/2022\/03\/olszG_headshot-100x100.jpg 100w\" sizes=\"auto, (max-width: 182px) 100vw, 182px\" \/><\/figure><\/div>\n\n\n\n<p><strong>Gary&nbsp;Olszewski, Clean Tech Specialist, Environmental Programs,Vancouver Fraser Port Authority<\/strong><\/p>\n\n\n\n<p>Gary joined the Vancouver Fraser Port Authority in 2010. As a clean technology specialist,&nbsp;Gary&nbsp;is responsible for facilitating the adoption of new fuels within the transportation supply chain, and is a technical resource to assist in evaluating and implementing new technologies, projects, programs, and policies. His scope of work ranges from large ocean going vessels and harbour craft, to mobile equipment on terminals and rail and truck supply chains throughout the region.&nbsp;Gary\u2019s primary focus at the Vancouver Fraser Port Authority is to ensure the Port of Vancouver is prepared to provide new marine fuels (bunkering) as a service to the maritime sector throughout this decade.<\/p>\n\n\n\n<p><\/p>\n\n\n\n<div class=\"wp-block-image\"><figure class=\"alignright is-resized\"><img loading=\"lazy\" decoding=\"async\" src=\"https:\/\/wp.mun.ca\/cismart\/wp-content\/uploads\/sites\/21\/2022\/03\/Bruce-C-Photo.jpg\" alt=\"\" class=\"wp-image-1491\" width=\"185\" height=\"160\" srcset=\"https:\/\/wp.mun.ca\/cismart\/wp-content\/uploads\/sites\/21\/2022\/03\/Bruce-C-Photo.jpg 914w, https:\/\/wp.mun.ca\/cismart\/wp-content\/uploads\/sites\/21\/2022\/03\/Bruce-C-Photo-300x258.jpg 300w\" sizes=\"auto, (max-width: 185px) 100vw, 185px\" \/><\/figure><\/div>\n\n\n\n<p><strong>Bruce Colbourne, Consultant<\/strong><\/p>\n\n\n\n<p>Dr. Colbourne holds a B.Eng. in Naval Architectural Engineering (MUN), a S.M. in Naval Architecture (MIT) and a Ph.D. in Ocean Engineering (MUN). Early on, he worked as a Naval Architect with German and Milne Inc. of Ottawa. In 1986 he started with the National Research Council Canada, Institute for Marine Dynamics, progressing circuitously from Research Associate to Group Leader for Offshore Research. Among many other things, he worked on scaling methods for ship-ice model tests, the dynamics of ice impacts with marine structures, and wave loads on aquaculture pens. In 2009 Dr. Colbourne joined Memorial University as a Professor in Ocean &amp; Naval Architectural Engineering, teaching graduate and undergraduate courses, with research focused mainly on ice effects on ships and offshore structures. To date he has authored or co-authored 160 articles and reports. Since retirement in 2019, Bruce has helped his children with renovations; continued to supervise graduate students; edited theses and publications; spent much more time walking, bicycling and gardening; and offered free, or sometimes paid, advice on ocean and ice issues, or marine research and development strategies, to almost anyone who asks.<\/p>\n\n\n\n<p><\/p>\n\n\n\n<div class=\"wp-block-image\"><figure class=\"alignleft is-resized\"><img loading=\"lazy\" decoding=\"async\" src=\"https:\/\/wp.mun.ca\/cismart\/wp-content\/uploads\/sites\/21\/2022\/03\/Wei-Qiu.jpg\" alt=\"\" class=\"wp-image-1493\" width=\"214\" height=\"145\" srcset=\"https:\/\/wp.mun.ca\/cismart\/wp-content\/uploads\/sites\/21\/2022\/03\/Wei-Qiu.jpg 800w, https:\/\/wp.mun.ca\/cismart\/wp-content\/uploads\/sites\/21\/2022\/03\/Wei-Qiu-300x203.jpg 300w\" sizes=\"auto, (max-width: 214px) 100vw, 214px\" \/><\/figure><\/div>\n\n\n\n<p><strong>Wei Qiu, Professor and Head, Department of ONAE, Memorial University<\/strong><\/p>\n\n\n\n<p>Dr. Qiu\u2019s research is in the area of marine hydrodynamics and its applications to ships and offshore structures. He has led numerous projects involving marine and offshore industries, government agencies and private sectors.&nbsp;Dr. Qiu has served in many international organizations, including the Chair of the ITTC Ocean Engineering Committee, a member of the ISSC Environment Committee,&nbsp;and a member of joint ISSC-ITTC Committee. He is a fellow of the Royal Institution of Naval Architects (RINA) and a fellow of the Society of Naval Architects and Marine Engineers (SNAME). He also serves as the Chair of Interim Board of the Canadian Network for Innovative Shipbuilding, Marine Research and Training (CISMaRT).<\/p>\n","protected":false},"excerpt":{"rendered":"<p>Jan Hagen Andersen, Business Development Director, DNV Maritime, Region Americas Jan has over 30 years of experience in the maritime industry with a focus on propulsion systems and machinery.\u00a0\u00a0He has a MS in Mechanical Engineering from the University of Washington and started his career at a marine engineering company in Seattle.\u00a0 In 2005, he joined &hellip; <\/p>\n<p class=\"link-more\"><a href=\"https:\/\/wp.mun.ca\/cismart\/2022-cismart-online-workshop-speakers\/\" class=\"more-link\">Continue reading<span class=\"screen-reader-text\"> &#8220;2022 CISMaRT Online Workshop &#8211; Speakers&#8221;<\/span><\/a><\/p>\n","protected":false},"author":190,"featured_media":0,"parent":0,"menu_order":0,"comment_status":"closed","ping_status":"closed","template":"","meta":{"_acf_changed":false,"footnotes":""},"class_list":["post-1476","page","type-page","status-publish","hentry"],"acf":[],"_links":{"self":[{"href":"https:\/\/wp.mun.ca\/cismart\/wp-json\/wp\/v2\/pages\/1476","targetHints":{"allow":["GET"]}}],"collection":[{"href":"https:\/\/wp.mun.ca\/cismart\/wp-json\/wp\/v2\/pages"}],"about":[{"href":"https:\/\/wp.mun.ca\/cismart\/wp-json\/wp\/v2\/types\/page"}],"author":[{"embeddable":true,"href":"https:\/\/wp.mun.ca\/cismart\/wp-json\/wp\/v2\/users\/190"}],"replies":[{"embeddable":true,"href":"https:\/\/wp.mun.ca\/cismart\/wp-json\/wp\/v2\/comments?post=1476"}],"version-history":[{"count":20,"href":"https:\/\/wp.mun.ca\/cismart\/wp-json\/wp\/v2\/pages\/1476\/revisions"}],"predecessor-version":[{"id":1583,"href":"https:\/\/wp.mun.ca\/cismart\/wp-json\/wp\/v2\/pages\/1476\/revisions\/1583"}],"wp:attachment":[{"href":"https:\/\/wp.mun.ca\/cismart\/wp-json\/wp\/v2\/media?parent=1476"}],"curies":[{"name":"wp","href":"https:\/\/api.w.org\/{rel}","templated":true}]}}