{"id":1857,"date":"2017-12-06T19:52:15","date_gmt":"2017-12-06T19:52:15","guid":{"rendered":"https:\/\/wp.mun.ca\/nrpop\/?page_id=1857"},"modified":"2017-12-06T19:52:15","modified_gmt":"2017-12-06T19:52:15","slug":"imfe2014_-scientific-committee","status":"publish","type":"page","link":"https:\/\/wp.mun.ca\/nrpop\/index.php\/imfe-2014_main\/imfe2014_-scientific-committee\/","title":{"rendered":"iMFE2014_ Scientific Committee"},"content":{"rendered":"<p><!--\n    Created by Artisteer v3.0.0.33215\n    Base template (without user's data) checked by http:\/\/validator.w3.org : \"This page is valid XHTML 1.0 Transitional\"\n    --><span style=\"color: #0000ff; font-family: arial, helvetica, sans-serif;\"><span style=\"font-size: 14pt;\"><strong>Scientific Committee<\/strong><\/span> (Alphabetical order)<\/span><\/p>\n<div id=\"art-main\">\n<div class=\"art-sheet\">\n<div class=\"art-sheet-body\">\n<div class=\"art-content-layout\">\n<div class=\"art-content-layout-row\">\n<div class=\"art-layout-cell art-content\">\n<div class=\"art-post\">\n<div class=\"art-post-body\">\n<div class=\"art-post-inner art-article\">\n<p class=\"art-postheader STYLE2\"><span style=\"color: #000000; font-family: arial, helvetica, sans-serif;\">\u00a0<\/span><\/p>\n<table border=\"0\" width=\"630\">\n<tbody>\n<tr align=\"left\" bgcolor=\"\">\n<td class=\"line-height\" valign=\"top\" width=\"210\"><span style=\"color: #000000; font-family: arial, helvetica, sans-serif;\"><strong>Dr. Antonio Fernando Queiroz<\/strong><\/span><\/td>\n<td class=\"line-height\"><span class=\"art-postheader\" style=\"color: #000000; font-family: arial, helvetica, sans-serif;\"><em>Professor<\/em><\/span><\/p>\n<p><span style=\"color: #000000; font-family: arial, helvetica, sans-serif;\"><em>Geosciences Institute, Federal University of Bahia<\/em><\/span><\/p>\n<p><span style=\"color: #000000; font-family: arial, helvetica, sans-serif;\"><em>Salvador, Brazil<\/em><\/span><\/td>\n<\/tr>\n<tr align=\"left\" bgcolor=\"\">\n<td class=\"line-height\" valign=\"top\"><span style=\"color: #000000; font-family: arial, helvetica, sans-serif;\"><strong>Dr. Bruce Anderson<\/strong><\/span><\/td>\n<td class=\"line-height\">\n<p class=\"art-postheader STYLE4\"><span style=\"color: #000000; font-family: arial, helvetica, sans-serif;\"><em>Professor and Associate Head<\/em><\/span><\/p>\n<p class=\"art-postheader STYLE4\"><span style=\"color: #000000; font-family: arial, helvetica, sans-serif;\"><em>Department of Civil Engineering, Queen&#8217;s University,<\/em><\/span><\/p>\n<p class=\"art-postheader STYLE4\"><span style=\"color: #000000; font-family: arial, helvetica, sans-serif;\"><em>Kingston, Ontario, Canada<\/em><\/span><\/p>\n<\/td>\n<\/tr>\n<tr align=\"left\" bgcolor=\"\">\n<td class=\"line-height\" valign=\"top\"><span style=\"color: #000000; font-family: arial, helvetica, sans-serif;\"><strong>Dr. Caterina Valeo<\/strong><\/span><\/td>\n<td class=\"line-height\"><span style=\"color: #000000; font-family: arial, helvetica, sans-serif;\"><em>Associate Professor and Civil Program Coordinator<\/em><\/span><\/p>\n<p class=\"art-postheader STYLE4\"><span style=\"color: #000000; font-family: arial, helvetica, sans-serif;\"><em>Faculty of Engineering, University of Victoria,<\/em><\/span><\/p>\n<p><span style=\"color: #000000; font-family: arial, helvetica, sans-serif;\"><em>Victoria, British Columbia, Canada<\/em><\/span><\/td>\n<\/tr>\n<tr align=\"left\" bgcolor=\"\">\n<td class=\"line-height\" valign=\"top\"><span style=\"color: #000000; font-family: arial, helvetica, sans-serif;\"><strong>Dr. Chun Yang<\/strong><\/span><\/td>\n<td class=\"line-height\">\n<p class=\"art-postheader STYLE4\"><span style=\"color: #000000; font-family: arial, helvetica, sans-serif;\"><em>Research Scientist<\/em><\/span><\/p>\n<p class=\"art-postheader STYLE4\"><span style=\"color: #000000; font-family: arial, helvetica, sans-serif;\"><em>Emergencies Science &amp; Technology Division,<\/em><\/span><\/p>\n<p class=\"art-postheader STYLE4\"><span style=\"color: #000000; font-family: arial, helvetica, sans-serif;\"><em>Science &amp; Technology Branch<\/em>,<\/span><\/p>\n<p class=\"art-postheader STYLE4\"><span class=\"textindent\" style=\"color: #000000; font-family: arial, helvetica, sans-serif;\"><em>Environment Canada, Ottawa, Ontario, Canada<\/em><\/span><\/p>\n<\/td>\n<\/tr>\n<tr align=\"left\" bgcolor=\"\">\n<td class=\"line-height\" valign=\"top\"><span style=\"color: #000000; font-family: arial, helvetica, sans-serif;\"><strong>Dr. Fuzhan Nasiri<\/strong><\/span><\/td>\n<td class=\"line-height\"><span style=\"color: #000000; font-family: arial, helvetica, sans-serif;\"><em>Assistant Professor<\/em><\/span><\/p>\n<p><span style=\"color: #000000; font-family: arial, helvetica, sans-serif;\"><em>Bartlett School of Graduate Studies,<\/em>,<\/span><\/p>\n<p><span style=\"color: #000000; font-family: arial, helvetica, sans-serif;\"><em>Faculty of the Built Environment<\/em>,<\/span><\/p>\n<p><span style=\"color: #000000; font-family: arial, helvetica, sans-serif;\"><em>University College London, London, United Kingdom<\/em><\/span><\/td>\n<\/tr>\n<tr align=\"left\" bgcolor=\"\">\n<td class=\"line-height\" valign=\"top\"><span style=\"color: #000000; font-family: arial, helvetica, sans-serif;\"><strong>Dr. Gordon Huang<\/strong><\/span><\/td>\n<td>\n<p class=\"STYLE4\"><span style=\"color: #000000; font-family: arial, helvetica, sans-serif;\"><em>Professor, Canada Research Chair, Associate Dean<\/em><\/span><\/p>\n<p><span style=\"color: #000000; font-family: arial, helvetica, sans-serif;\"><span class=\"STYLE4\"><em>Faculty of Engineering and Applied Science, University of Regina<\/em><\/span>,<\/span><\/p>\n<p class=\"STYLE4\"><span style=\"color: #000000; font-family: arial, helvetica, sans-serif;\"><em>Regina, Saskatchewan, Canada<\/em><\/span><\/p>\n<\/td>\n<\/tr>\n<tr align=\"left\" bgcolor=\"\">\n<td class=\"line-height\" valign=\"top\"><span style=\"color: #000000; font-family: arial, helvetica, sans-serif;\"><strong>Dr. Huaicheng Guo<\/strong><\/span><\/td>\n<td class=\"line-height\"><span style=\"color: #000000; font-family: arial, helvetica, sans-serif;\"><em>Professor<\/em><\/span><\/p>\n<p><span style=\"color: #000000; font-family: arial, helvetica, sans-serif;\"><em>School of Environmental Sciences and Engineering,<\/em><\/span><\/p>\n<p><span style=\"color: #000000; font-family: arial, helvetica, sans-serif;\"><em>Peking University, Beijing, China<\/em><\/span><\/td>\n<\/tr>\n<tr align=\"left\" bgcolor=\"\">\n<td class=\"line-height\" valign=\"top\"><span style=\"color: #000000; font-family: arial, helvetica, sans-serif;\"><strong>Dr. Huining Xiao <\/strong><\/span><\/td>\n<td class=\"line-height\"><span style=\"color: #000000; font-family: arial, helvetica, sans-serif;\"><em>Professor<\/em><\/span><\/p>\n<p><span style=\"color: #000000; font-family: arial, helvetica, sans-serif;\"><em>Department of Chemical Engineering,<\/em><\/span><\/p>\n<p><span style=\"color: #000000; font-family: arial, helvetica, sans-serif;\"><em>University of New Brunswick, Fredericton, New Brunswick, Canada<\/em><\/span><\/td>\n<\/tr>\n<tr align=\"left\" bgcolor=\"\">\n<td class=\"line-height\" valign=\"top\"><span style=\"color: #000000; font-family: arial, helvetica, sans-serif;\"><strong>Dr. Imran Maqsood<\/strong><\/span><\/td>\n<td class=\"line-height\"><span style=\"color: #000000; font-family: arial, helvetica, sans-serif;\"><em>Manager<\/em><\/span><\/p>\n<p><span style=\"color: #000000; font-family: arial, helvetica, sans-serif;\"><em>Air Science &amp; Monitoring, Technical Resources Branch,<\/em><\/span><\/p>\n<p><span style=\"color: #000000; font-family: arial, helvetica, sans-serif;\"><em>Ministry of Environment, Government of Saskatchewan,<\/em><\/span><\/p>\n<p><span style=\"color: #000000; font-family: arial, helvetica, sans-serif;\"><em>Regina, Saskatchewan, Canada<\/em><\/span><\/td>\n<\/tr>\n<tr align=\"left\" bgcolor=\"\">\n<td class=\"line-height\" valign=\"top\"><span style=\"color: #000000; font-family: arial, helvetica, sans-serif;\"><strong>Dr. Jason Li<\/strong><\/span><\/td>\n<td class=\"line-height\"><span style=\"color: #000000; font-family: arial, helvetica, sans-serif;\"><em>Professor and Co-Director<\/em><\/span><\/p>\n<p><span style=\"color: #000000; font-family: arial, helvetica, sans-serif;\"><em>UNBC\/UBC Environmental Engineering Program,<\/em><\/span><\/p>\n<p><span style=\"color: #000000; font-family: arial, helvetica, sans-serif;\"><em>University of Northern British Columbia,<\/em><\/span><\/p>\n<p><span style=\"color: #000000; font-family: arial, helvetica, sans-serif;\"><em>Prince George, British Columbia, Canada<\/em><\/span><\/td>\n<\/tr>\n<tr align=\"left\" bgcolor=\"\">\n<td class=\"line-height\" valign=\"top\"><span style=\"color: #000000; font-family: arial, helvetica, sans-serif;\"><strong>Dr. Jonathan Li<\/strong><\/span><\/td>\n<td class=\"line-height\"><span style=\"color: #000000; font-family: arial, helvetica, sans-serif;\"><em>Professor and Director<\/em><\/span><\/p>\n<p class=\"STYLE4\"><span class=\"textindent\" style=\"color: #000000; font-family: arial, helvetica, sans-serif;\"><em>Waterloo Laboratory for GeoSpatial Technology and Remote Sensing,<\/em><\/span><\/p>\n<p class=\"STYLE4\"><span class=\"textindent\" style=\"color: #000000; font-family: arial, helvetica, sans-serif;\"><em class=\"textindent\">University of Waterloo, Waterloo, Ontario, Canada<\/em><\/span><\/p>\n<\/td>\n<\/tr>\n<tr align=\"left\" bgcolor=\"\">\n<td class=\"line-height\" valign=\"top\"><span style=\"color: #000000; font-family: arial, helvetica, sans-serif;\"><strong>Dr. Joseph S. Wroblewski<\/strong><\/span><\/td>\n<td class=\"line-height\"><span style=\"color: #000000; font-family: arial, helvetica, sans-serif;\"><em>Professor<\/em><\/span><\/p>\n<p><span style=\"color: #000000; font-family: arial, helvetica, sans-serif;\"><em>Department of Ocean Science, Faculty of Science,<\/em><\/span><\/p>\n<p><span style=\"color: #000000; font-family: arial, helvetica, sans-serif;\"><em>Memorial University, St. John\u2019s, Newfoundland and Labrador, Canada<\/em><\/span><\/td>\n<\/tr>\n<tr align=\"left\" bgcolor=\"\">\n<td class=\"line-height\" valign=\"top\"><span style=\"color: #000000; font-family: arial, helvetica, sans-serif;\"><strong>Dr. Kasun Hewage<\/strong><\/span><\/td>\n<td class=\"line-height\"><span style=\"color: #000000; font-family: arial, helvetica, sans-serif;\"><em>Associate Professor and Program Coordinator<\/em><\/span><\/p>\n<p class=\"STYLE4\"><span class=\"textindent\" style=\"color: #000000; font-family: arial, helvetica, sans-serif;\"><em>School of Engineering, University of British Columbia Okanagan,<\/em><\/span><\/p>\n<p><span class=\"textindent\" style=\"color: #000000; font-family: arial, helvetica, sans-serif;\"><em>Kelowna, British Columbia, Canada<\/em><\/span><\/td>\n<\/tr>\n<tr align=\"left\" bgcolor=\"\">\n<td class=\"line-height\" valign=\"top\"><span style=\"color: #000000; font-family: arial, helvetica, sans-serif;\"><strong>Dr. Kenneth Lee<\/strong><\/span><\/td>\n<td class=\"line-height\"><span style=\"color: #000000; font-family: arial, helvetica, sans-serif;\"><em>Director, Oceans &amp; Atmosphere Flagship<\/em><\/span><\/p>\n<p><span style=\"color: #000000; font-family: arial, helvetica, sans-serif;\"><em>Commonwealth Scientific and Industrial Research Organization (CSIRO), Kensington, WA, Australia<\/em><\/span><\/td>\n<\/tr>\n<tr align=\"left\" bgcolor=\"\">\n<td class=\"line-height\" valign=\"top\"><span style=\"color: #000000; font-family: arial, helvetica, sans-serif;\"><strong>Dr. Liping Fang<\/strong><\/span><\/td>\n<td class=\"line-height\"><span style=\"color: #000000; font-family: arial, helvetica, sans-serif;\"><em>Professor and Associate Dean<\/em><\/span><\/p>\n<p class=\"STYLE4\"><span class=\"textindent\" style=\"color: #000000; font-family: arial, helvetica, sans-serif;\"><em>Faculty of Engineering and Architectural Science,<\/em><\/span><\/p>\n<p class=\"STYLE4\"><span class=\"textindent\" style=\"color: #000000; font-family: arial, helvetica, sans-serif;\"><em>Ryerson University,<\/em><\/span><\/p>\n<p><span style=\"color: #000000; font-family: arial, helvetica, sans-serif;\"><em>Toronto, Ontario, Canada<\/em><\/span><\/td>\n<\/tr>\n<tr align=\"left\" bgcolor=\"\">\n<td class=\"line-height\" valign=\"top\"><span style=\"color: #000000; font-family: arial, helvetica, sans-serif;\"><strong>Dr. Manuel J. Rodriguez<\/strong><\/span><\/td>\n<td><span style=\"color: #000000; font-family: arial, helvetica, sans-serif;\"><em>Professor, Canada Research Chair on Drinking Water;<br \/>\nSuperior Programs Director<\/em><\/span><\/p>\n<p class=\"STYLE4\"><span class=\"textindent\" style=\"color: #000000; font-family: arial, helvetica, sans-serif;\"><em>\u00c9cole sup\u00e9rieure d\u2019am\u00e9nagement du territoire et de d\u00e9veloppement regional (\u00c9SAD), Universit\u00e9 Laval, Qu\u00e9bec, Canada<\/em><\/span><\/p>\n<\/td>\n<\/tr>\n<tr align=\"left\" bgcolor=\"\">\n<td class=\"line-height\" valign=\"top\"><span style=\"color: #000000; font-family: arial, helvetica, sans-serif;\"><strong>Dr. Ming Li<\/strong><\/span><\/td>\n<td><span style=\"color: #000000; font-family: arial, helvetica, sans-serif;\"><em>Professor<br \/>\nCenter for Environmental Science, University of Maryland<\/em><\/span><\/p>\n<p class=\"STYLE4\"><span class=\"textindent\" style=\"color: #000000; font-family: arial, helvetica, sans-serif;\"><em>Cambridge, Maryland, USA<\/em><\/span><\/p>\n<\/td>\n<\/tr>\n<tr align=\"left\" bgcolor=\"\">\n<td class=\"line-height\" valign=\"top\"><span style=\"color: #000000; font-family: arial, helvetica, sans-serif;\"><strong>Dr. Ni-Bin Chang<\/strong><\/span><\/td>\n<td class=\"line-height\"><span style=\"color: #000000; font-family: arial, helvetica, sans-serif;\"><em>Professor and Director<\/em><\/span><\/p>\n<p class=\"STYLE4\"><span class=\"textindent\" style=\"color: #000000; font-family: arial, helvetica, sans-serif;\"><em>Department of Civil, Environmental and Construction Engineering,<\/em><\/span><\/p>\n<p><span style=\"color: #000000; font-family: arial, helvetica, sans-serif;\"><em>University of Central Florida, Orlando, Florida, USA<\/em><\/span><\/td>\n<\/tr>\n<tr align=\"left\" bgcolor=\"\">\n<td class=\"line-height\" valign=\"top\"><span style=\"color: #000000; font-family: arial, helvetica, sans-serif;\"><strong>Dr. Ol\u00edvia Maria Cordeiro<\/strong><\/span><\/p>\n<p><span style=\"color: #000000; font-family: arial, helvetica, sans-serif;\"><strong>\u00a0\u00a0\u00a0\u00a0\u00a0\u00a0\u00a0\u00a0\u00a0de Oliveira<\/strong><\/span><\/td>\n<td class=\"line-height\"><span style=\"color: #000000; font-family: arial, helvetica, sans-serif;\"><em>Professor and Vice Director<\/em><\/span><\/p>\n<p class=\"STYLE4\"><span class=\"textindent\" style=\"color: #000000; font-family: arial, helvetica, sans-serif;\"><em>Geosciences Institute, Federal University of Bahia,<\/em><\/span><\/p>\n<p class=\"STYLE4\"><span class=\"textindent\" style=\"color: #000000; font-family: arial, helvetica, sans-serif;\"><em>Salvador, Brazil<\/em><\/span><\/p>\n<\/td>\n<\/tr>\n<tr align=\"left\" bgcolor=\"\">\n<td class=\"line-height\" valign=\"top\"><span style=\"color: #000000; font-family: arial, helvetica, sans-serif;\"><strong>Dr. Peter A. Vanrolleghem<\/strong><\/span><\/td>\n<td class=\"line-height\"><span style=\"color: #000000; font-family: arial, helvetica, sans-serif;\"><em>Professor, Canada Research Chair on Water Quality Modeling<\/em><\/span><\/p>\n<p><span class=\"textindent\" style=\"color: #000000; font-family: arial, helvetica, sans-serif;\"><em>Department of Civil Engineering and Water Engineering,<\/em><\/span><\/p>\n<p><span class=\"textindent\" style=\"color: #000000; font-family: arial, helvetica, sans-serif;\"><em>Faculty of Science and Engineering, Universit\u00e9 Laval,<\/em><\/span><\/p>\n<p><span class=\"textindent\" style=\"color: #000000; font-family: arial, helvetica, sans-serif;\"><em>Qu\u00e9bec, Canada<\/em><\/span><\/td>\n<\/tr>\n<tr align=\"left\" bgcolor=\"\">\n<td class=\"line-height\" valign=\"top\"><span style=\"color: #000000; font-family: arial, helvetica, sans-serif;\"><strong>Dr. Ping Guo<\/strong><\/span><\/td>\n<td class=\"line-height\"><span style=\"color: #000000; font-family: arial, helvetica, sans-serif;\"><em>Professor<\/em><\/span><\/p>\n<p><span style=\"color: #000000; font-family: arial, helvetica, sans-serif;\"><em>College of Environment and Resources, Jilin University,<\/em><\/span><\/p>\n<p><span style=\"color: #000000; font-family: arial, helvetica, sans-serif;\"><em>Changchun, Jilin, China<\/em><\/span><\/td>\n<\/tr>\n<tr align=\"left\" bgcolor=\"\">\n<td class=\"line-height\" valign=\"top\"><span style=\"color: #000000; font-family: arial, helvetica, sans-serif;\"><strong>Dr. Rehan Sadiq<\/strong><\/span><\/td>\n<td class=\"line-height\"><span style=\"color: #000000; font-family: arial, helvetica, sans-serif;\"><em>Professor and Acting Director<\/em><\/span><\/p>\n<p class=\"STYLE4\"><span class=\"textindent\" style=\"color: #000000; font-family: arial, helvetica, sans-serif;\"><em>Life Circle Management Laboratory, School of Engineering,<\/em><\/span><\/p>\n<p class=\"STYLE4\"><span class=\"textindent\" style=\"color: #000000; font-family: arial, helvetica, sans-serif;\"><em>University of British Columbia Okanagan,<\/em><\/span><\/p>\n<p class=\"STYLE4\"><span class=\"textindent\" style=\"color: #000000; font-family: arial, helvetica, sans-serif;\"><em>Kelowna, British Columbia, Canada<\/em><\/span><\/p>\n<\/td>\n<\/tr>\n<tr align=\"left\" bgcolor=\"\">\n<td class=\"line-height\" valign=\"top\"><span style=\"color: #000000; font-family: arial, helvetica, sans-serif;\"><strong>Dr. Xiaosheng Qin<\/strong><\/span><\/td>\n<td class=\"line-height\"><span style=\"color: #000000; font-family: arial, helvetica, sans-serif;\"><em>Assistant Professor<\/em><\/span><\/p>\n<p><span class=\"textindent\" style=\"color: #000000; font-family: arial, helvetica, sans-serif;\"><em>Division of Environmental &amp; Water Resources Engineering,<\/em><\/span><\/p>\n<p><span class=\"textindent\" style=\"color: #000000; font-family: arial, helvetica, sans-serif;\"><em>Nanyang Technological University, Singapore<\/em><\/span><\/td>\n<\/tr>\n<tr class=\"alignment\" align=\"left\" bgcolor=\"\">\n<td class=\"line-height\" valign=\"top\"><span style=\"color: #000000; font-family: arial, helvetica, sans-serif;\"><strong>Dr. Xinhao Wang<\/strong><\/span><\/td>\n<td class=\"line-height\"><span style=\"color: #000000; font-family: arial, helvetica, sans-serif;\"><em>Professor, Co-Director, Joint Center for GIS and Spatial Analysis<\/em><\/span><\/p>\n<p class=\"STYLE4\"><span class=\"textindent\" style=\"color: #000000; font-family: arial, helvetica, sans-serif;\"><em>School of Planning, University of Cincinnati<\/em><\/span><\/p>\n<p class=\"STYLE4\"><span class=\"textindent\" style=\"color: #000000; font-family: arial, helvetica, sans-serif;\"><em>Cincinnati, OH, USA<\/em><\/span><\/p>\n<\/td>\n<\/tr>\n<tr class=\"alignment\" align=\"left\" bgcolor=\"\">\n<td class=\"line-height\" valign=\"top\"><span style=\"color: #000000; font-family: arial, helvetica, sans-serif;\"><strong>Dr. Zhendi Wang<\/strong><\/span><\/td>\n<td class=\"line-height\"><span style=\"color: #000000; font-family: arial, helvetica, sans-serif;\"><em>Research Scientist (Principal) and Head of Oil Spill Research<\/em><\/span><\/p>\n<p><span style=\"color: #000000; font-family: arial, helvetica, sans-serif;\"><em>Emergencies Science &amp; Technology Division,<\/em><\/span><\/p>\n<p><span style=\"color: #000000; font-family: arial, helvetica, sans-serif;\"><em>Science &amp; Technology Branch, Environment Canada,<\/em><\/span><\/p>\n<p><span style=\"color: #000000; font-family: arial, helvetica, sans-serif;\"><em>Ottawa, Ontario, Canada<\/em><\/span><\/td>\n<\/tr>\n<\/tbody>\n<\/table>\n<p class=\"art-postheader\"><span style=\"color: #000000; font-family: arial, helvetica, sans-serif;\">\u00a0<\/span><\/p>\n<\/div>\n<\/div>\n<\/div>\n<\/div>\n<\/div>\n<\/div>\n<\/div>\n<\/div>\n<\/div>\n","protected":false},"excerpt":{"rendered":"<p>Scientific Committee (Alphabetical order) \u00a0 Dr. Antonio Fernando Queiroz Professor Geosciences Institute, Federal University of Bahia Salvador, Brazil Dr. Bruce Anderson Professor and Associate Head Department of Civil Engineering, Queen&#8217;s University, Kingston, Ontario, Canada Dr. Caterina Valeo Associate Professor and Civil Program Coordinator Faculty of Engineering, University of Victoria, Victoria, British Columbia, Canada Dr. Chun Yang Research Scientist Emergencies Science &amp; Technology Division, Science &amp; Technology Branch, Environment Canada, Ottawa, Ontario, Canada Dr. Fuzhan Nasiri Assistant Professor Bartlett School of Graduate Studies,, Faculty of the Built Environment, University College London, London, United Kingdom Dr. Gordon Huang Professor, Canada Research Chair, Associate Dean Faculty of Engineering and Applied Science, University of Regina, Regina, Saskatchewan, Canada Dr. Huaicheng Guo Professor School of Environmental Sciences and Engineering, Peking University, Beijing, China Dr. Huining Xiao Professor Department of Chemical Engineering, University of New Brunswick, Fredericton, New Brunswick, Canada Dr. Imran Maqsood Manager Air Science &amp; Monitoring, Technical Resources Branch, Ministry of Environment, Government of Saskatchewan, Regina, Saskatchewan, Canada Dr. Jason Li Professor and Co-Director UNBC\/UBC Environmental Engineering Program, University of Northern British Columbia, Prince George, British Columbia, Canada Dr. Jonathan Li Professor and Director Waterloo Laboratory for GeoSpatial Technology and Remote Sensing, University of Waterloo, Waterloo, Ontario, Canada Dr. Joseph S. Wroblewski Professor Department of Ocean Science, Faculty of Science, Memorial University, St. John\u2019s, Newfoundland and Labrador, Canada Dr. Kasun Hewage Associate Professor and Program Coordinator School of Engineering, University of British Columbia Okanagan, Kelowna, British Columbia, Canada Dr. Kenneth Lee Director, Oceans &amp; Atmosphere Flagship Commonwealth Scientific and Industrial Research Organization (CSIRO), Kensington, WA, Australia Dr. Liping Fang Professor and Associate Dean Faculty of Engineering and Architectural Science, Ryerson University, Toronto, Ontario, Canada Dr. Manuel J. Rodriguez Professor, Canada Research Chair on Drinking Water; Superior Programs Director \u00c9cole sup\u00e9rieure d\u2019am\u00e9nagement du territoire et de d\u00e9veloppement regional (\u00c9SAD), Universit\u00e9 Laval, Qu\u00e9bec, Canada Dr. Ming Li Professor Center for Environmental Science, University of Maryland Cambridge, Maryland, USA Dr. Ni-Bin Chang Professor and Director Department of Civil, Environmental and Construction Engineering, University of Central Florida, Orlando, Florida, USA Dr. Ol\u00edvia Maria Cordeiro \u00a0\u00a0\u00a0\u00a0\u00a0\u00a0\u00a0\u00a0\u00a0de Oliveira Professor and Vice Director Geosciences Institute, Federal University of Bahia, Salvador, Brazil Dr. Peter A. Vanrolleghem Professor, Canada Research Chair on Water Quality Modeling Department of Civil Engineering and Water Engineering, Faculty of Science and Engineering, Universit\u00e9 Laval, Qu\u00e9bec, Canada Dr. Ping Guo Professor College of Environment and Resources, Jilin University, Changchun, Jilin, China Dr. Rehan Sadiq Professor and Acting Director Life Circle Management Laboratory, School of Engineering, University of British Columbia Okanagan, Kelowna, British Columbia, Canada Dr. Xiaosheng Qin Assistant Professor Division of Environmental &amp; Water Resources Engineering, Nanyang Technological University, Singapore Dr. Xinhao Wang Professor, Co-Director, Joint Center for GIS and Spatial Analysis School of Planning, University of Cincinnati Cincinnati, OH, USA Dr. Zhendi Wang Research Scientist (Principal) and Head of Oil Spill Research Emergencies Science &amp; Technology Division, Science &amp; Technology Branch, Environment Canada, Ottawa, Ontario, Canada \u00a0<\/p>\n","protected":false},"author":188,"featured_media":0,"parent":1812,"menu_order":0,"comment_status":"closed","ping_status":"closed","template":"","meta":{"footnotes":""},"class_list":["post-1857","page","type-page","status-publish","hentry"],"_links":{"self":[{"href":"https:\/\/wp.mun.ca\/nrpop\/index.php\/wp-json\/wp\/v2\/pages\/1857","targetHints":{"allow":["GET"]}}],"collection":[{"href":"https:\/\/wp.mun.ca\/nrpop\/index.php\/wp-json\/wp\/v2\/pages"}],"about":[{"href":"https:\/\/wp.mun.ca\/nrpop\/index.php\/wp-json\/wp\/v2\/types\/page"}],"author":[{"embeddable":true,"href":"https:\/\/wp.mun.ca\/nrpop\/index.php\/wp-json\/wp\/v2\/users\/188"}],"replies":[{"embeddable":true,"href":"https:\/\/wp.mun.ca\/nrpop\/index.php\/wp-json\/wp\/v2\/comments?post=1857"}],"version-history":[{"count":1,"href":"https:\/\/wp.mun.ca\/nrpop\/index.php\/wp-json\/wp\/v2\/pages\/1857\/revisions"}],"predecessor-version":[{"id":1858,"href":"https:\/\/wp.mun.ca\/nrpop\/index.php\/wp-json\/wp\/v2\/pages\/1857\/revisions\/1858"}],"up":[{"embeddable":true,"href":"https:\/\/wp.mun.ca\/nrpop\/index.php\/wp-json\/wp\/v2\/pages\/1812"}],"wp:attachment":[{"href":"https:\/\/wp.mun.ca\/nrpop\/index.php\/wp-json\/wp\/v2\/media?parent=1857"}],"curies":[{"name":"wp","href":"https:\/\/api.w.org\/{rel}","templated":true}]}}